{"id":181,"date":"2019-03-22T00:48:54","date_gmt":"2019-03-21T23:48:54","guid":{"rendered":"https:\/\/whatishappiness.org\/?page_id=181"},"modified":"2019-08-30T18:10:16","modified_gmt":"2019-08-30T16:10:16","slug":"chi-siamo","status":"publish","type":"page","link":"https:\/\/whatishappiness.org\/?page_id=181","title":{"rendered":"Chi siamo"},"content":{"rendered":"\n<p>Il progetto What Is Happiness \u00e8 prodotto da diverse entit\u00e0 che collaborano ad un unico fine, la ricerca e la condivisione di spunti per la felicit\u00e0.<\/p>\n\n\n\n<p>Questo sito e le produzioni pubblicate, se non diversamente specificato, sono pubblicate da Kreative People srls<\/p>\n\n\n\n<figure class=\"wp-block-embed-youtube wp-block-embed is-type-video is-provider-youtube wp-embed-aspect-16-9 wp-has-aspect-ratio\"><div class=\"wp-block-embed__wrapper\">\n<div class=\"embed-wrap embed-youtube embed-responsive\" style=\" padding-bottom: 56.239316239316%\"><iframe loading=\"lazy\" title=\"Presentazione WISH da NewYork\" width=\"1170\" height=\"658\" src=\"https:\/\/www.youtube.com\/embed\/hcfL2dkxRw4?feature=oembed\" frameborder=\"0\" allow=\"accelerometer; autoplay; clipboard-write; encrypted-media; gyroscope; picture-in-picture\" allowfullscreen><\/iframe><\/div>\n<\/div><\/figure>\n\n\n\n<p>Scopri come collaborare con noi<\/p>\n\n\n\n<p><a href=\"https:\/\/whatishappiness.org\/collaborazioni\/\">https:\/\/whatishappiness.org\/collaborazioni\/<\/a><\/p>\n\n\n\n<div class=\"wp-block-uagb-team uagb-team uagb-team__outer-wrap uagb-team__image-position-above uagb-team__align-center uagb-team__stack-tablet\" id=\"uagb-team-74e26e50-cef1-4b38-a3c2-b99d565cccc3\"><div class=\"uagb-team__wrap\"><div class=\"uagb-team__content\"><div class=\"uagb-team__image-wrap uagb-team__image-crop-circle\"><img decoding=\"async\" class=\"\" src=\"https:\/\/whatishappiness.org\/wp-content\/uploads\/2019\/08\/StefanoPesce--150x150.jpg\" alt=\"\"\/><\/div><div class=\"uagb-team__title-wrap\"><h3 class=\"uagb-team__title\">Stefano Pesce<\/h3><span class=\"uagb-team__prefix\">Regia, Montaggio, Ripresa, Creativit\u00e0<\/span><\/div><div class=\"uagb-team__desc-wrap\"><p class=\"uagb-team__desc\">Stefano \u00e8 coinvolto nel progetto si dalle prime produzione, in viaggio in Uruguay di cui ha curato, ripresa e montaggio, intervenuto per il Montaggio di Cuba e India. Stefano \u00e8 josephine baguette productions e Kreative People.<\/p><\/div><div class=\"uagb-team__social-icon-wrap\"><ul class=\"uagb-team__social-list\"><li class=\"uagb-team__social-icon\"><a href=\"#https:\/\/www.facebook.com\/stefano.pesce1\" target=\"_self\" title=\"\" rel=\"noopener noreferrer\"><svg xmlns=\"http:\/\/www.w3.org\/2000\/svg\" viewbox=\"0 0 448 512\"><path d=\"M448 56.7v398.5c0 13.7-11.1 24.7-24.7 24.7H309.1V306.5h58.2l8.7-67.6h-67v-43.2c0-19.6 5.4-32.9 33.5-32.9h35.8v-60.5c-6.2-.8-27.4-2.7-52.2-2.7-51.6 0-87 31.5-87 89.4v49.9h-58.4v67.6h58.4V480H24.7C11.1 480 0 468.9 0 455.3V56.7C0 43.1 11.1 32 24.7 32h398.5c13.7 0 24.8 11.1 24.8 24.7z\"><\/path><\/svg><\/a><\/li><\/ul><\/div><\/div><\/div><\/div>\n\n\n\n<div class=\"wp-block-uagb-team uagb-team uagb-team__outer-wrap uagb-team__image-position-above uagb-team__align-center uagb-team__stack-tablet\" id=\"uagb-team-2ee62018-312e-4eb5-8123-35f8947929f5\"><div class=\"uagb-team__wrap\"><div class=\"uagb-team__content\"><div class=\"uagb-team__image-wrap uagb-team__image-crop-circle\"><img decoding=\"async\" class=\"\" src=\"https:\/\/whatishappiness.org\/wp-content\/uploads\/2019\/03\/GNJ0957-2-150x150.jpg\" alt=\"\"\/><\/div><div class=\"uagb-team__title-wrap\"><h3 class=\"uagb-team__title\">Luca Andrea Marazzini<\/h3><span class=\"uagb-team__prefix\">Produzione, Ideazione, ripresa, web, diffusione progetto&#8230;<\/span><\/div><div class=\"uagb-team__desc-wrap\"><p class=\"uagb-team__desc\">Luca dopo aver scoperto le tre semplici domande, non ha mai smesso di proporle a tutti quelli che ha incontrato, presente in ogni produzione dall&#8217;Uruguay in poi.<\/p><\/div><div class=\"uagb-team__social-icon-wrap\"><ul class=\"uagb-team__social-list\"><li class=\"uagb-team__social-icon\"><a href=\"#\" target=\"_self\" title=\"\" rel=\"noopener noreferrer\"><svg xmlns=\"http:\/\/www.w3.org\/2000\/svg\" viewbox=\"0 0 512 512\"><path d=\"M459.37 151.716c.325 4.548.325 9.097.325 13.645 0 138.72-105.583 298.558-298.558 298.558-59.452 0-114.68-17.219-161.137-47.106 8.447.974 16.568 1.299 25.34 1.299 49.055 0 94.213-16.568 130.274-44.832-46.132-.975-84.792-31.188-98.112-72.772 6.498.974 12.995 1.624 19.818 1.624 9.421 0 18.843-1.3 27.614-3.573-48.081-9.747-84.143-51.98-84.143-102.985v-1.299c13.969 7.797 30.214 12.67 47.431 13.319-28.264-18.843-46.781-51.005-46.781-87.391 0-19.492 5.197-37.36 14.294-52.954 51.655 63.675 129.3 105.258 216.365 109.807-1.624-7.797-2.599-15.918-2.599-24.04 0-57.828 46.782-104.934 104.934-104.934 30.213 0 57.502 12.67 76.67 33.137 23.715-4.548 46.456-13.32 66.599-25.34-7.798 24.366-24.366 44.833-46.132 57.827 21.117-2.273 41.584-8.122 60.426-16.243-14.292 20.791-32.161 39.308-52.628 54.253z\"><\/path><\/svg><\/a><\/li><li class=\"uagb-team__social-icon\"><a href=\"#\" target=\"_self\" title=\"\" rel=\"noopener noreferrer\"><svg xmlns=\"http:\/\/www.w3.org\/2000\/svg\" viewbox=\"0 0 448 512\"><path d=\"M448 56.7v398.5c0 13.7-11.1 24.7-24.7 24.7H309.1V306.5h58.2l8.7-67.6h-67v-43.2c0-19.6 5.4-32.9 33.5-32.9h35.8v-60.5c-6.2-.8-27.4-2.7-52.2-2.7-51.6 0-87 31.5-87 89.4v49.9h-58.4v67.6h58.4V480H24.7C11.1 480 0 468.9 0 455.3V56.7C0 43.1 11.1 32 24.7 32h398.5c13.7 0 24.8 11.1 24.8 24.7z\"><\/path><\/svg><\/a><\/li><li class=\"uagb-team__social-icon\"><a href=\"#\" target=\"_self\" title=\"\" rel=\"noopener noreferrer\"><svg xmlns=\"http:\/\/www.w3.org\/2000\/svg\" viewbox=\"0 0 448 512\"><path d=\"M416 32H31.9C14.3 32 0 46.5 0 64.3v383.4C0 465.5 14.3 480 31.9 480H416c17.6 0 32-14.5 32-32.3V64.3c0-17.8-14.4-32.3-32-32.3zM135.4 416H69V202.2h66.5V416zm-33.2-243c-21.3 0-38.5-17.3-38.5-38.5S80.9 96 102.2 96c21.2 0 38.5 17.3 38.5 38.5 0 21.3-17.2 38.5-38.5 38.5zm282.1 243h-66.4V312c0-24.8-.5-56.7-34.5-56.7-34.6 0-39.9 27-39.9 54.9V416h-66.4V202.2h63.7v29.2h.9c8.9-16.8 30.6-34.5 62.9-34.5 67.2 0 79.7 44.3 79.7 101.9V416z\"><\/path><\/svg><\/a><\/li><li class=\"uagb-team__social-icon\"><a href=\"#\" target=\"_self\" title=\"\" rel=\"noopener noreferrer\"><svg xmlns=\"http:\/\/www.w3.org\/2000\/svg\" viewbox=\"0 0 496 512\"><path d=\"M496 256c0 137-111 248-248 248-25.6 0-50.2-3.9-73.4-11.1 10.1-16.5 25.2-43.5 30.8-65 3-11.6 15.4-59 15.4-59 8.1 15.4 31.7 28.5 56.8 28.5 74.8 0 128.7-68.8 128.7-154.3 0-81.9-66.9-143.2-152.9-143.2-107 0-163.9 71.8-163.9 150.1 0 36.4 19.4 81.7 50.3 96.1 4.7 2.2 7.2 1.2 8.3-3.3.8-3.4 5-20.3 6.9-28.1.6-2.5.3-4.7-1.7-7.1-10.1-12.5-18.3-35.3-18.3-56.6 0-54.7 41.4-107.6 112-107.6 60.9 0 103.6 41.5 103.6 100.9 0 67.1-33.9 113.6-78 113.6-24.3 0-42.6-20.1-36.7-44.8 7-29.5 20.5-61.3 20.5-82.6 0-19-10.2-34.9-31.4-34.9-24.9 0-44.9 25.7-44.9 60.2 0 22 7.4 36.8 7.4 36.8s-24.5 103.8-29 123.2c-5 21.4-3 51.6-.9 71.2C65.4 450.9 0 361.1 0 256 0 119 111 8 248 8s248 111 248 248z\"><\/path><\/svg><\/a><\/li><\/ul><\/div><\/div><\/div><\/div>\n","protected":false},"excerpt":{"rendered":"<p>Il progetto What Is Happiness \u00e8 prodotto da diverse entit\u00e0 che collaborano ad un unico fine, la ricerca e la condivisione di spunti per la felicit\u00e0.<\/p>\n","protected":false},"author":1,"featured_media":0,"parent":0,"menu_order":0,"comment_status":"closed","ping_status":"closed","template":"","meta":{"footnotes":""},"class_list":["post-181","page","type-page","status-publish","hentry"],"_links":{"self":[{"href":"https:\/\/whatishappiness.org\/index.php?rest_route=\/wp\/v2\/pages\/181","targetHints":{"allow":["GET"]}}],"collection":[{"href":"https:\/\/whatishappiness.org\/index.php?rest_route=\/wp\/v2\/pages"}],"about":[{"href":"https:\/\/whatishappiness.org\/index.php?rest_route=\/wp\/v2\/types\/page"}],"author":[{"embeddable":true,"href":"https:\/\/whatishappiness.org\/index.php?rest_route=\/wp\/v2\/users\/1"}],"replies":[{"embeddable":true,"href":"https:\/\/whatishappiness.org\/index.php?rest_route=%2Fwp%2Fv2%2Fcomments&post=181"}],"version-history":[{"count":4,"href":"https:\/\/whatishappiness.org\/index.php?rest_route=\/wp\/v2\/pages\/181\/revisions"}],"predecessor-version":[{"id":331,"href":"https:\/\/whatishappiness.org\/index.php?rest_route=\/wp\/v2\/pages\/181\/revisions\/331"}],"wp:attachment":[{"href":"https:\/\/whatishappiness.org\/index.php?rest_route=%2Fwp%2Fv2%2Fmedia&parent=181"}],"curies":[{"name":"wp","href":"https:\/\/api.w.org\/{rel}","templated":true}]}}