{"id":319,"date":"2019-08-29T18:40:28","date_gmt":"2019-08-29T16:40:28","guid":{"rendered":"https:\/\/whatishappiness.org\/?page_id=319"},"modified":"2022-11-05T15:33:19","modified_gmt":"2022-11-05T14:33:19","slug":"319-2","status":"publish","type":"page","link":"https:\/\/whatishappiness.org\/","title":{"rendered":"Benvenuti a bordo del nostro viaggio."},"content":{"rendered":"\r\n<p>&nbsp;<\/p>\r\n\r\n\r\n\r\n<div class=\"wp-block-image\">\r\n<figure class=\"alignleft is-resized\"><img loading=\"lazy\" decoding=\"async\" class=\"wp-image-30\" src=\"https:\/\/whatishappiness.org\/wp-content\/uploads\/2019\/03\/2015-10-Card-Wish-Fronte-Blu.png\" alt=\"\" width=\"213\" height=\"192\" srcset=\"https:\/\/whatishappiness.org\/wp-content\/uploads\/2019\/03\/2015-10-Card-Wish-Fronte-Blu.png 555w, https:\/\/whatishappiness.org\/wp-content\/uploads\/2019\/03\/2015-10-Card-Wish-Fronte-Blu-300x272.png 300w, https:\/\/whatishappiness.org\/wp-content\/uploads\/2019\/03\/2015-10-Card-Wish-Fronte-Blu-480x435.png 480w\" sizes=\"auto, (max-width: 213px) 100vw, 213px\" \/><\/figure>\r\n<\/div>\r\n\r\n\r\n\r\n<p style=\"text-align: left;\">Non cerchiamo felicit\u00e0 che ci manca, ma ogni tipo di espressione che rappresenti felicit\u00e0, un passatempo, un modo di relazionarsi alle persone che incontriamo, convinti che parlare di felicit\u00e0 \u00e8 il primo passo per comprenderla.<\/p>\r\n\r\n\r\n\r\n<p style=\"text-align: center;\">Questo sito \u00e8 un contenitore, se trovi della <strong>Felicit\u00e0<\/strong> puoi prenderla, \u00e8 tua, \u00e8 <strong>gratis<\/strong>, consigliamo solo, ad ogni raccolta di spargerne un p\u00f2, come la cultura, la Felicit\u00e0, se condivisa non toglie niente a chi dona, ma si moltiplica e rende quello che ti circonda pi\u00f9 colorato e luminoso.<\/p>\r\n\r\n\r\n\r\n<p>Qui sotto una Time Line con tutti i video pubblicati fino ad oggi, in ordine cronologico, altrimenti puoi scegliere una sezione dal men\u00f9 : TurboDocumentari, Influencer, Rubamatic Happiness, People, Viaggi.<\/p>\r\n\r\n\r\n\r\n<p>Buon viaggio.<\/p>\r\n<p>&nbsp;<\/p>\r\n<p><a href=\"https:\/\/whatishappiness.org\/category\/uh\/\"><img loading=\"lazy\" decoding=\"async\" class=\"aligncenter wp-image-436 size-medium\" src=\"https:\/\/whatishappiness.org\/wp-content\/uploads\/2022\/11\/UH-Immagine-300x187.jpg\" alt=\"\" width=\"300\" height=\"187\" srcset=\"https:\/\/whatishappiness.org\/wp-content\/uploads\/2022\/11\/UH-Immagine-300x187.jpg 300w, https:\/\/whatishappiness.org\/wp-content\/uploads\/2022\/11\/UH-Immagine-1024x639.jpg 1024w, https:\/\/whatishappiness.org\/wp-content\/uploads\/2022\/11\/UH-Immagine-768x479.jpg 768w, https:\/\/whatishappiness.org\/wp-content\/uploads\/2022\/11\/UH-Immagine-980x612.jpg 980w, https:\/\/whatishappiness.org\/wp-content\/uploads\/2022\/11\/UH-Immagine-480x300.jpg 480w, https:\/\/whatishappiness.org\/wp-content\/uploads\/2022\/11\/UH-Immagine.jpg 1280w\" sizes=\"auto, (max-width: 300px) 100vw, 300px\" \/><\/a><\/p>\r\n\r\n\r\n","protected":false},"excerpt":{"rendered":"<p>Alla Ricerca della Felicit\u00e0.<\/p>\n","protected":false},"author":1,"featured_media":0,"parent":0,"menu_order":0,"comment_status":"closed","ping_status":"closed","template":"","meta":{"footnotes":""},"class_list":["post-319","page","type-page","status-publish","hentry"],"_links":{"self":[{"href":"https:\/\/whatishappiness.org\/index.php?rest_route=\/wp\/v2\/pages\/319","targetHints":{"allow":["GET"]}}],"collection":[{"href":"https:\/\/whatishappiness.org\/index.php?rest_route=\/wp\/v2\/pages"}],"about":[{"href":"https:\/\/whatishappiness.org\/index.php?rest_route=\/wp\/v2\/types\/page"}],"author":[{"embeddable":true,"href":"https:\/\/whatishappiness.org\/index.php?rest_route=\/wp\/v2\/users\/1"}],"replies":[{"embeddable":true,"href":"https:\/\/whatishappiness.org\/index.php?rest_route=%2Fwp%2Fv2%2Fcomments&post=319"}],"version-history":[{"count":5,"href":"https:\/\/whatishappiness.org\/index.php?rest_route=\/wp\/v2\/pages\/319\/revisions"}],"predecessor-version":[{"id":441,"href":"https:\/\/whatishappiness.org\/index.php?rest_route=\/wp\/v2\/pages\/319\/revisions\/441"}],"wp:attachment":[{"href":"https:\/\/whatishappiness.org\/index.php?rest_route=%2Fwp%2Fv2%2Fmedia&parent=319"}],"curies":[{"name":"wp","href":"https:\/\/api.w.org\/{rel}","templated":true}]}}